{"id":470,"date":"2023-03-09T14:07:48","date_gmt":"2023-03-09T14:07:48","guid":{"rendered":"https:\/\/dev.reppan.ee\/?page_id=470"},"modified":"2025-04-22T14:58:16","modified_gmt":"2025-04-22T11:58:16","slug":"reppan","status":"publish","type":"page","link":"https:\/\/reppan.ee\/en\/reppan\/","title":{"rendered":"Reppan"},"content":{"rendered":"<div class=\"row wpb_row row-fluid vc_custom_1680013346355 row-o-content-top row-flex\"><div class=\"wpb_column columns medium-6 thb-dark-column small-12\"><div class=\"vc_column-inner\"><div class=\"wpb_wrapper\"><div class=\"vc_empty_space\" id=\"thb-empty-space-69ebe0c0ce9c7\"  style=\"height: 70px\" ><span class=\"vc_empty_space_inner\"><\/span><\/div>\n\t<div id=\"thb-slidetype-69ebe0c0ce9ed\" class=\"thb-slidetype\" data-style=\"style1\">\n\t\t\n<h6><span class=\"thb-slidetype-entry\"><span class=\"lines\">MIKS VALIDA REPPAN<\/span><\/span><\/h6>\n\t\t\t\t<style>\n\t\t\t#thb-slidetype-69ebe0c0ce9ed .thb-slidetype-entry {\n\t\t\t\tcolor: #878787;\n\t\t\t}\n\t\t<\/style>\n\t\t\t<\/div>\n\n\t<div class=\"vc_empty_space\" id=\"thb-empty-space-69ebe0c0cea17\"  style=\"height: 30px\" ><span class=\"vc_empty_space_inner\"><\/span><\/div>\n\t<div id=\"thb-slidetype-69ebe0c0cea2c\" class=\"thb-slidetype\" data-style=\"style1\">\n\t\t\n<h2><span class=\"thb-slidetype-entry\"><span class=\"lines\">Oleme p\u00fchendunud disainile, kasutajas\u00f5bralikkusele, kvaliteedile ja sujuvale koost\u00f6\u00f6le<\/span><\/span><\/h2>\n\t\t\t\t<style>\n\t\t\t#thb-slidetype-69ebe0c0cea2c .thb-slidetype-entry {\n\t\t\t\tcolor: #000000;\n\t\t\t}\n\t\t<\/style>\n\t\t\t<\/div>\n\n\t<div class=\"vc_empty_space\" id=\"thb-empty-space-69ebe0c0cea4b\"  style=\"height: 10px\" ><span class=\"vc_empty_space_inner\"><\/span><\/div>\n\n\t<div class=\"wpb_text_column wpb_content_element animation fade-in\" >\n\t\t<div class=\"wpb_wrapper\">\n\t\t\t<p class=\"\" data-start=\"339\" data-end=\"817\">Reppan \u00fchendab disaini, pikaajalise kogemuse ja t\u00e4nap\u00e4evase tehnoloogia, et pakkuda kvaliteetset eritellimusm\u00f6\u00f6blit, mis vastab t\u00e4pselt kliendi vajadustele. Oleme kasvanud koos oma klientidega ning investeerinud tipptasemel masinaparki, mis v\u00f5imaldab meil t\u00f6\u00f6tada t\u00e4psemalt, t\u00f5husamalt ja keskkonda s\u00e4\u00e4stvalt kui kunagi varem. T\u00e4nu kaasaegsele tehnoloogiale suudame materjale ja energiat kasutada veelgi efektiivsemalt, hoides samal ajal k\u00f5rget kvaliteeti ja keskkonda.<\/p>\n<p class=\"\" data-start=\"736\" data-end=\"1009\">Meie t\u00f6\u00f6d \u00fchendab soov luua oman\u00e4olisi ja h\u00e4sti l\u00e4bim\u00f5eldud ruume, pakkudes samal ajal meeldivat ja sujuvat kogemust kogu loomisprotsessi v\u00e4ltel. Meie jaoks on oluline, et iga etapp \u2013 alates ideest kuni valminud m\u00f6\u00f6blini \u2013 oleks sama h\u00e4sti l\u00e4bi m\u00f5eldud kui l\u00f5pptulemus ise.<\/p>\n<p class=\"\" data-start=\"1011\" data-end=\"1171\">Reppan on sisustanud palju kodusid ja kontoreid \u00fcle Eesti ning teinud kaasa ka eriprojektides \u2013 n\u00e4iteks AHHAA teaduskeskuse sise- ja v\u00e4liseksponaatide loomisel.<\/p>\n<p class=\"\" data-start=\"1011\" data-end=\"1171\">2019. aastal liitusime Kagu-Eesti Puiduklastriga, mis \u00fchendab piirkonna juhtivaid m\u00f6\u00f6bli- ja puidutootjaid. Klaster v\u00e4\u00e4rtustab kvaliteeti, looduss\u00e4\u00e4stlikkust ja koost\u00f6\u00f6d \u2013 v\u00e4\u00e4rtused, mis peegeldavad ka meie igap\u00e4evat\u00f6\u00f6d.<\/p>\n\n\t\t<\/div>\n\t<\/div>\n<\/div><\/div><\/div><div class=\"wpb_column columns medium-6 hide-for-small-only thb-dark-column small-12\"><div class=\"vc_column-inner   vc_custom_1680013597148\"><div class=\"wpb_wrapper\">\t<div class=\"thb_cascading_images\">\n\t\t\t<figure class=\"cascading_image\">\n\t\t<div class=\"cascading_inner animation left-to-right\">\n\t\t\t<img decoding=\"async\" src=\"https:\/\/reppan.ee\/wp-content\/uploads\/2023\/03\/Reppan_puit.jpg\" alt=\"\" style=\"transform: translateX(25%) translateY(-40%); \" width=\"639\" class=\"retina_size\"\/>\n\t\t<\/div>\n\t<\/figure>\n\t\t<figure class=\"cascading_image\">\n\t\t<div class=\"cascading_inner animation bottom-to-top\">\n\t\t\t<img decoding=\"async\" src=\"https:\/\/reppan.ee\/wp-content\/uploads\/2023\/03\/Reppan_loodus-2.jpg\" alt=\"\" style=\"transform: translateX(70%) translateY(40%); \" width=\"460\" class=\"retina_size\"\/>\n\t\t<\/div>\n\t<\/figure>\n\t\t<figure class=\"cascading_image\">\n\t\t<div class=\"cascading_inner animation fade-in\">\n\t\t\t<img decoding=\"async\" src=\"https:\/\/reppan.ee\/wp-content\/uploads\/2025\/04\/Reppan_garderoob.jpg\" alt=\"\" style=\"transform: translateX(-15%) translateY(30%); \" width=\"588\" class=\"retina_size\"\/>\n\t\t<\/div>\n\t<\/figure>\n\t\t<\/div>\n\t<\/div><\/div><\/div><\/div><div class=\"row wpb_row row-fluid full-width-row vc_custom_1679316299823 row-has-fill\"><div class=\"wpb_column columns medium-12 thb-dark-column small-12\"><div class=\"vc_column-inner\"><div class=\"wpb_wrapper\"><div id=\"icons\" class=\"row wpb_row vc_inner row-fluid max_width\"><div class=\"wpb_column columns animation fade-in medium-4 thb-dark-column small-12\"><div class=\"vc_column-inner\"><div class=\"wpb_wrapper\">\t<div id=\"thb-iconbox-69ebe0c0cf0a5\" class=\"thb-iconbox top type1  has-img  text-left animation-true\" href=\"\" target=\"_self\" data-animation_speed=\"0.5\">\n\t\t\t\t<figure>\n\t\t\t\t\t\t\t<div class=\"iconbox-image\">\n\t\t\t\t\t<img loading=\"lazy\" decoding=\"async\" width=\"57\" height=\"63\" src=\"https:\/\/reppan.ee\/wp-content\/uploads\/2023\/03\/Mugavus.svg\" class=\"thb_image  attachment-full\" alt=\"\" title=\"Mugavus\" \/>\t\t\t\t\t\t\t\t\t<\/div>\n\t\t\t\t\t\t\t\t\t\t\t\t\t\t<span class=\"thb-iconbox-line\"><\/span>\n\t\t\t\t\t<\/figure>\n\t\t\t\t<div class=\"iconbox-content\">\n\t\t\t\t\t\t\t<h5>Teeme koost\u00f6\u00f6d nii era- kui ka \u00e4riklientidega<\/h5>\t\t\t<p>Koost\u00f6\u00f6s kliendi v\u00f5i sisekujundajaga teeme eritellimusm\u00f6\u00f6blit tervesse majapidamisse. Oleme praeguseks sisustanud palju kodusid: loonud garderoobe, k\u00f6\u00f6gi-, elutoa-, kontori-, lastetoa- ja magamistoam\u00f6\u00f6blit. Lisaks oleme sisustanud ettev\u00f5tete ruume: kontoreid, poode, ameti- ja esindusruume.<\/p>\n\t\t\t\t\t<\/div>\n\t\t<style>\n\t\t\t\t\t\t\t\t\t#thb-iconbox-69ebe0c0cf0a5.thb-iconbox h5 {\n\t\t\t\tfont-size: 18px;\n\t\t\t}\n\t\t\t\t\t\t\t\t\t#thb-iconbox-69ebe0c0cf0a5.thb-iconbox p {\n\t\t\t\tfont-size: 14px;\n\t\t\t}\n\t\t\t\t\t\t\t\t\t\t\t\t\t#thb-iconbox-69ebe0c0cf0a5.thb-iconbox .iconbox-image img {\n\t\t\t\t\twidth: 84px;\n\t\t\t\t\theight: auto;\n\t\t\t\t}\n\t\t\t\t\t\t\t\t\t#thb-iconbox-69ebe0c0cf0a5.thb-iconbox .iconbox-content h5,\n\t\t\t#thb-iconbox-69ebe0c0cf0a5.thb-iconbox figure h5 {\n\t\t\t\tcolor: #ffffff;\n\t\t\t}\n\t\t\t\t\t\t\t\t\t#thb-iconbox-69ebe0c0cf0a5.thb-iconbox .iconbox-content p,\n\t\t\t#thb-iconbox-69ebe0c0cf0a5.thb-iconbox .iconbox-content span {\n\t\t\t\tcolor: #eae6e1;\n\t\t\t}\n\n\t\t\t#thb-iconbox-69ebe0c0cf0a5.thb-iconbox .iconbox-content svg,\n\t\t\t#thb-iconbox-69ebe0c0cf0a5.thb-iconbox .iconbox-content svg .bar {\n\t\t\t\tfill: #eae6e1;\n\t\t\t}\n\t\t\t#thb-iconbox-69ebe0c0cf0a5.thb-iconbox .btn-text.style2:before,\n\t\t\t#thb-iconbox-69ebe0c0cf0a5.thb-iconbox .btn-text.style2:after {\n\t\t\t\tbackground: #eae6e1;\n\t\t\t}\n\t\t\t\t\t\t\/* Hover *\/\n\t\t\t\t\t\t\t\t\t\t\t<\/style>\n\t<\/div>\n\t<\/div><\/div><\/div><div class=\"wpb_column columns animation fade-in medium-4 thb-dark-column small-12\"><div class=\"vc_column-inner\"><div class=\"wpb_wrapper\">\t<div id=\"thb-iconbox-69ebe0c0cf326\" class=\"thb-iconbox top type1  has-img  text-left animation-true\" href=\"\" target=\"_self\" data-animation_speed=\"0.5\">\n\t\t\t\t<figure>\n\t\t\t\t\t\t\t<div class=\"iconbox-image\">\n\t\t\t\t\t<img loading=\"lazy\" decoding=\"async\" width=\"57\" height=\"63\" src=\"https:\/\/reppan.ee\/wp-content\/uploads\/2023\/03\/Mugavus.svg\" class=\"thb_image  attachment-full\" alt=\"\" title=\"Mugavus\" \/>\t\t\t\t\t\t\t\t\t<\/div>\n\t\t\t\t\t\t\t\t\t\t\t\t\t\t<span class=\"thb-iconbox-line\"><\/span>\n\t\t\t\t\t<\/figure>\n\t\t\t\t<div class=\"iconbox-content\">\n\t\t\t\t\t\t\t<h5>Viime ellu sisearhitektide visioone<\/h5>\t\t\t<p>Teeme koost\u00f6\u00f6d sisearhitektidega. Meie kogenud spetsialistid ja tehniline v\u00f5imekus aitavad luua mitmek\u00fclgseid ja keerukaid lahendusi, mis vastavad k\u00f5rgetetele standarditele. Pakume kaasaegseid, kvaliteetseid materjale ja tehnilisi lahendusi, et luua ajatu ja arhitekti visoonile vastav sisustus.<\/p>\n\t\t\t\t\t<\/div>\n\t\t<style>\n\t\t\t\t\t\t\t\t\t#thb-iconbox-69ebe0c0cf326.thb-iconbox h5 {\n\t\t\t\tfont-size: 18px;\n\t\t\t}\n\t\t\t\t\t\t\t\t\t#thb-iconbox-69ebe0c0cf326.thb-iconbox p {\n\t\t\t\tfont-size: 14px;\n\t\t\t}\n\t\t\t\t\t\t\t\t\t\t\t\t\t#thb-iconbox-69ebe0c0cf326.thb-iconbox .iconbox-image img {\n\t\t\t\t\twidth: 84px;\n\t\t\t\t\theight: auto;\n\t\t\t\t}\n\t\t\t\t\t\t\t\t\t#thb-iconbox-69ebe0c0cf326.thb-iconbox .iconbox-content h5,\n\t\t\t#thb-iconbox-69ebe0c0cf326.thb-iconbox figure h5 {\n\t\t\t\tcolor: #ffffff;\n\t\t\t}\n\t\t\t\t\t\t\t\t\t#thb-iconbox-69ebe0c0cf326.thb-iconbox .iconbox-content p,\n\t\t\t#thb-iconbox-69ebe0c0cf326.thb-iconbox .iconbox-content span {\n\t\t\t\tcolor: #eae6e1;\n\t\t\t}\n\n\t\t\t#thb-iconbox-69ebe0c0cf326.thb-iconbox .iconbox-content svg,\n\t\t\t#thb-iconbox-69ebe0c0cf326.thb-iconbox .iconbox-content svg .bar {\n\t\t\t\tfill: #eae6e1;\n\t\t\t}\n\t\t\t#thb-iconbox-69ebe0c0cf326.thb-iconbox .btn-text.style2:before,\n\t\t\t#thb-iconbox-69ebe0c0cf326.thb-iconbox .btn-text.style2:after {\n\t\t\t\tbackground: #eae6e1;\n\t\t\t}\n\t\t\t\t\t\t\/* Hover *\/\n\t\t\t\t\t\t\t\t\t\t\t<\/style>\n\t<\/div>\n\t<\/div><\/div><\/div><div class=\"wpb_column columns animation fade-in medium-4 thb-dark-column small-12\"><div class=\"vc_column-inner\"><div class=\"wpb_wrapper\">\t<div id=\"thb-iconbox-69ebe0c0cf4ba\" class=\"thb-iconbox top type1  has-img  text-left animation-true\" href=\"\" target=\"_self\" data-animation_speed=\"0.5\">\n\t\t\t\t<figure>\n\t\t\t\t\t\t\t<div class=\"iconbox-image\">\n\t\t\t\t\t<img loading=\"lazy\" decoding=\"async\" width=\"57\" height=\"63\" src=\"https:\/\/reppan.ee\/wp-content\/uploads\/2023\/03\/Mugavus.svg\" class=\"thb_image  attachment-full\" alt=\"\" title=\"Mugavus\" \/>\t\t\t\t\t\t\t\t\t<\/div>\n\t\t\t\t\t\t\t\t\t\t\t\t\t\t<span class=\"thb-iconbox-line\"><\/span>\n\t\t\t\t\t<\/figure>\n\t\t\t\t<div class=\"iconbox-content\">\n\t\t\t\t\t\t\t<h5>N\u00e4itused, eksponaadid ja muud eriprojektid<\/h5>\t\t\t<p>Oleme vastu v\u00f5tnud suuremaid v\u00e4ljakutseteid ja teinud koost\u00f6\u00f6d n\u00e4iteks AHHAA Teaduskeskusega. See on andnud meile v\u00f5imaluse luua mitmeid eksponaate nii sise- kui ka v\u00e4listingimustesse. N\u00e4iteks: hiiglaslik pink ja tool, klaasp\u00f5randaga lifti\u0161aht, telefoniputka, m\u00f5\u00f5dupulgast pink, kaldteel liikuv vedrurada. Veel oleme loonud ettev\u00f5ttele GlobalReader motoriseeritud toote esitlusaluse.<\/p>\n\t\t\t\t\t<\/div>\n\t\t<style>\n\t\t\t\t\t\t\t\t\t#thb-iconbox-69ebe0c0cf4ba.thb-iconbox h5 {\n\t\t\t\tfont-size: 18px;\n\t\t\t}\n\t\t\t\t\t\t\t\t\t#thb-iconbox-69ebe0c0cf4ba.thb-iconbox p {\n\t\t\t\tfont-size: 14px;\n\t\t\t}\n\t\t\t\t\t\t\t\t\t\t\t\t\t#thb-iconbox-69ebe0c0cf4ba.thb-iconbox .iconbox-image img {\n\t\t\t\t\twidth: 84px;\n\t\t\t\t\theight: auto;\n\t\t\t\t}\n\t\t\t\t\t\t\t\t\t#thb-iconbox-69ebe0c0cf4ba.thb-iconbox .iconbox-content h5,\n\t\t\t#thb-iconbox-69ebe0c0cf4ba.thb-iconbox figure h5 {\n\t\t\t\tcolor: #ffffff;\n\t\t\t}\n\t\t\t\t\t\t\t\t\t#thb-iconbox-69ebe0c0cf4ba.thb-iconbox .iconbox-content p,\n\t\t\t#thb-iconbox-69ebe0c0cf4ba.thb-iconbox .iconbox-content span {\n\t\t\t\tcolor: #eae6e1;\n\t\t\t}\n\n\t\t\t#thb-iconbox-69ebe0c0cf4ba.thb-iconbox .iconbox-content svg,\n\t\t\t#thb-iconbox-69ebe0c0cf4ba.thb-iconbox .iconbox-content svg .bar {\n\t\t\t\tfill: #eae6e1;\n\t\t\t}\n\t\t\t#thb-iconbox-69ebe0c0cf4ba.thb-iconbox .btn-text.style2:before,\n\t\t\t#thb-iconbox-69ebe0c0cf4ba.thb-iconbox .btn-text.style2:after {\n\t\t\t\tbackground: #eae6e1;\n\t\t\t}\n\t\t\t\t\t\t\/* Hover *\/\n\t\t\t\t\t\t\t\t\t\t\t<\/style>\n\t<\/div>\n\t<\/div><\/div><\/div><\/div><\/div><\/div><\/div><\/div><div class=\"row wpb_row row-fluid vc_custom_1678517277664 row-o-content-middle row-flex\"><div class=\"wpb_column columns medium-6 thb-dark-column small-12\"><div class=\"vc_column-inner\"><div class=\"wpb_wrapper\">\t<div id=\"thb-image-69ebe0c0cf715\" class=\"caption-style1  alignleft   thb_image_link wp-caption\">\n\t\t\t<div class=\"thb-image-inner size_100\">\n\t\t\t<img loading=\"lazy\" decoding=\"async\" width=\"2560\" height=\"1920\" src=\"https:\/\/reppan.ee\/wp-content\/uploads\/2023\/03\/Vannituba-kattrina-scaled.jpg\" class=\"thb_image    attachment-full\" alt=\"\" title=\"Vannituba kattrina\" srcset=\"https:\/\/reppan.ee\/wp-content\/uploads\/2023\/03\/Vannituba-kattrina-scaled.jpg 2560w, https:\/\/reppan.ee\/wp-content\/uploads\/2023\/03\/Vannituba-kattrina-300x225.jpg 300w, https:\/\/reppan.ee\/wp-content\/uploads\/2023\/03\/Vannituba-kattrina-1024x768.jpg 1024w, https:\/\/reppan.ee\/wp-content\/uploads\/2023\/03\/Vannituba-kattrina-768x576.jpg 768w, https:\/\/reppan.ee\/wp-content\/uploads\/2023\/03\/Vannituba-kattrina-1536x1152.jpg 1536w, https:\/\/reppan.ee\/wp-content\/uploads\/2023\/03\/Vannituba-kattrina-2048x1536.jpg 2048w, https:\/\/reppan.ee\/wp-content\/uploads\/2023\/03\/Vannituba-kattrina-16x12.jpg 16w, https:\/\/reppan.ee\/wp-content\/uploads\/2023\/03\/Vannituba-kattrina-380x285.jpg 380w, https:\/\/reppan.ee\/wp-content\/uploads\/2023\/03\/Vannituba-kattrina-20x15.jpg 20w, https:\/\/reppan.ee\/wp-content\/uploads\/2023\/03\/Vannituba-kattrina-190x143.jpg 190w, https:\/\/reppan.ee\/wp-content\/uploads\/2023\/03\/Vannituba-kattrina-760x570.jpg 760w, https:\/\/reppan.ee\/wp-content\/uploads\/2023\/03\/Vannituba-kattrina-1140x855.jpg 1140w\" sizes=\"auto, (max-width: 2560px) 100vw, 2560px\" \/>\t\t\t\t\t<\/div>\n\t\t\t\t\t<\/div>\n\t<\/div><\/div><\/div><div class=\"wpb_column columns medium-6 thb-dark-column small-12\"><div class=\"vc_column-inner\"><div class=\"wpb_wrapper\">\n\t<div class=\"wpb_text_column wpb_content_element\" >\n\t\t<div class=\"wpb_wrapper\">\n\t\t\t<h2>Iga projekt on meie<br \/>\njaoks oluline<\/h2>\n<p>Iga uus projekt on v\u00f5imalus teha seda, mida t\u00f5eliselt armastame \u2013 luua kvaliteetset, isikup\u00e4rast ja kasutajas\u00f5bralikku ruumi. Sellist, kus on hea olla ja mis sobib just sinu koju, kontorisse v\u00f5i m\u00f5nda teise keskkonda \u2013 olgu see avalik ruum, teeninduspind v\u00f5i midagi muud. Vaata, milliseid lahendusi oleme koost\u00f6\u00f6s klientidega ellu viinud.<\/p>\n\n\t\t<\/div>\n\t<\/div>\n\t<a class=\"btn-text   style1\" href=\"https:\/\/reppan.ee\/en\/projektid\/\" target=\"_self\" role=\"button\" title=\"VAATA MEIE T\u00d6ID\">\n\t\t<span>VAATA MEIE T\u00d6ID<\/span>\n\t\t\t\t<\/a>\n\n\t<\/div><\/div><\/div><\/div><div class=\"row wpb_row row-fluid align-center footerElement full-width-row vc_custom_1679317182085 row-has-fill\"><div class=\"wpb_column columns medium-12 thb-dark-column small-12\"><div class=\"vc_column-inner\"><div class=\"wpb_wrapper\"><div class=\"row wpb_row vc_inner row-fluid max_width\"><div class=\"wpb_column columns medium-2\/5 thb-dark-column small-12\"><div class=\"vc_column-inner\"><div class=\"wpb_wrapper\">\n\t<div class=\"wpb_text_column wpb_content_element   vc_custom_1679934883339\" >\n\t\t<div class=\"wpb_wrapper\">\n\t\t\t<h2><span style=\"color: #807e72;\">Kirjuta vo\u0303i helista ja leiame koos sinu projekti jaoks parima lahenduse<\/span><\/h2>\n\n\t\t<\/div>\n\t<\/div>\n\n\t<div class=\"wpb_text_column wpb_content_element   vc_custom_1678520115643\" >\n\t\t<div class=\"wpb_wrapper\">\n\t\t\t<h5><span style=\"color: #807e72;\">KONTAKT<\/span><\/h5>\n<p><a href=\"mailto:info@reppan.ee\"><span style=\"color: #807e72;\">info@reppan.ee<\/span><\/a><br \/>\n<a href=\"tel:+372 5332 6171\"><span style=\"color: #807e72;\">+372 5332 6171<\/span><\/a><\/p>\n\n\t\t<\/div>\n\t<\/div>\n\n\t<div class=\"wpb_raw_code wpb_raw_html wpb_content_element\" >\n\t\t<div class=\"wpb_wrapper\">\n\t\t\t<h5 style=\"color: #807E72;\">J\u00c4LGI MEID<\/h5>\n<a href=\"https:\/\/www.facebook.com\/REPPANdesign\/\" target=\"_blank\" rel=\"noopener\"><i class=\"fa fa-facebook\"><\/i><\/a>\n<a href=\"https:\/\/www.instagram.com\/reppandesign\/\" target=\"_blank\" rel=\"noopener\"><i class=\"fa fa-instagram\"><\/i><\/a>\n\t\t<\/div>\n\t<\/div>\n<\/div><\/div><\/div><div class=\"wpb_column columns medium-3\/5 thb-dark-column small-12\"><div class=\"vc_column-inner\"><div class=\"wpb_wrapper\">\n<div class=\"wpcf7 no-js\" id=\"wpcf7-f129-o1\" lang=\"en-US\" dir=\"ltr\" data-wpcf7-id=\"129\">\n<div class=\"screen-reader-response\"><p role=\"status\" aria-live=\"polite\" aria-atomic=\"true\"><\/p> <ul><\/ul><\/div>\n<form action=\"\/en\/wp-json\/wp\/v2\/pages\/470#wpcf7-f129-o1\" method=\"post\" class=\"wpcf7-form init\" aria-label=\"Contact form\" novalidate=\"novalidate\" data-status=\"init\" data-trp-original-action=\"\/en\/wp-json\/wp\/v2\/pages\/470#wpcf7-f129-o1\">\n<fieldset class=\"hidden-fields-container\"><input type=\"hidden\" name=\"_wpcf7\" value=\"129\" \/><input type=\"hidden\" name=\"_wpcf7_version\" value=\"6.1.5\" \/><input type=\"hidden\" name=\"_wpcf7_locale\" value=\"en_US\" \/><input type=\"hidden\" name=\"_wpcf7_unit_tag\" value=\"wpcf7-f129-o1\" \/><input type=\"hidden\" name=\"_wpcf7_container_post\" value=\"0\" \/><input type=\"hidden\" name=\"_wpcf7_posted_data_hash\" value=\"\" \/><input type=\"hidden\" name=\"_wpcf7_recaptcha_response\" value=\"\" \/>\n<\/fieldset>\n<div class=\"row\">\n\t<div class=\"small-12 large-6 columns\">\n\t\t<p><label><\/label><span class=\"wpcf7-form-control-wrap\" data-name=\"your-firstname\"><input size=\"40\" maxlength=\"400\" class=\"wpcf7-form-control wpcf7-text wpcf7-validates-as-required full\" aria-required=\"true\" aria-invalid=\"false\" placeholder=\"Sinu nimi\" value=\"\" type=\"text\" name=\"your-firstname\" \/><\/span>\n\t\t<\/p>\n\t<\/div>\n\t<div class=\"small-12 large-6 columns\">\n\t\t<p><label><\/label><span class=\"wpcf7-form-control-wrap\" data-name=\"your-email\"><input size=\"40\" maxlength=\"400\" class=\"wpcf7-form-control wpcf7-text wpcf7-validates-as-required full\" aria-required=\"true\" aria-invalid=\"false\" placeholder=\"Sinu e-post\" value=\"\" type=\"text\" name=\"your-email\" \/><\/span>\n\t\t<\/p>\n\t<\/div>\n\t<div class=\"small-12 columns\">\n\t\t<p><label><\/label><span class=\"wpcf7-form-control-wrap\" data-name=\"your-message\"><textarea cols=\"40\" rows=\"4\" maxlength=\"2000\" class=\"wpcf7-form-control wpcf7-textarea full\" aria-invalid=\"false\" placeholder=\"S\u00f5num\" name=\"your-message\"><\/textarea><\/span>\n\t\t<\/p>\n\t<\/div>\n\t<div class=\"small-12 columns\">\n\t\t<p><label>Lisa fail (max 50mb)<\/label><span class=\"wpcf7-form-control-wrap\" data-name=\"file\"><input size=\"40\" class=\"wpcf7-form-control wpcf7-drag-n-drop-file d-none\" aria-invalid=\"false\" type=\"file\" multiple=\"multiple\" data-name=\"file\" data-type=\"pdf|jpg|cad|png|svg|dwg\" data-limit=\"50000000\" data-id=\"129\" data-version=\"free version 1.3.9.7\" accept=\".pdf, .jpg, .cad, .png, .svg, .dwg\" \/><\/span>\n\t\t<\/p>\n\t<\/div>\n<\/div>\n<div class=\"row\">\n\t<div class=\"small-12 columns\">\n\t\t<p><input class=\"wpcf7-form-control wpcf7-submit has-spinner btn\" type=\"submit\" value=\"Saada s\u00f5num\" \/>\n\t\t<\/p>\n\t<\/div>\n<\/div><div class=\"wpcf7-response-output\" aria-hidden=\"true\"><\/div>\n<input type=\"hidden\" name=\"trp-form-language\" value=\"en\"\/><\/form>\n<\/div>\n<\/div><\/div><\/div><\/div><\/div><\/div><\/div><\/div>","protected":false},"excerpt":{"rendered":"MIKS VALIDA REPPAN Oleme p\u00fchendunud disainile, kasutajas\u00f5bralikkusele, kvaliteedile ja sujuvale koost\u00f6\u00f6le Reppan \u00fchendab disaini, pikaajalise kogemuse ja t\u00e4nap\u00e4evase tehnoloogia, et pakkuda kvaliteetset eritellimusm\u00f6\u00f6blit, mis vastab t\u00e4pselt kliendi vajadustele. Oleme kasvanud koos oma klientidega ning investeerinud tipptasemel masinaparki, mis v\u00f5imaldab meil t\u00f6\u00f6tada t\u00e4psemalt, t\u00f5husamalt ja keskkonda s\u00e4\u00e4stvalt kui kunagi varem. T\u00e4nu kaasaegsele tehnoloogiale suudame materjale ja&hellip;","protected":false},"author":1,"featured_media":0,"parent":0,"menu_order":0,"comment_status":"closed","ping_status":"closed","template":"","meta":{"footnotes":""},"class_list":["post-470","page","type-page","status-publish","hentry"],"_links":{"self":[{"href":"https:\/\/reppan.ee\/en\/wp-json\/wp\/v2\/pages\/470","targetHints":{"allow":["GET"]}}],"collection":[{"href":"https:\/\/reppan.ee\/en\/wp-json\/wp\/v2\/pages"}],"about":[{"href":"https:\/\/reppan.ee\/en\/wp-json\/wp\/v2\/types\/page"}],"author":[{"embeddable":true,"href":"https:\/\/reppan.ee\/en\/wp-json\/wp\/v2\/users\/1"}],"replies":[{"embeddable":true,"href":"https:\/\/reppan.ee\/en\/wp-json\/wp\/v2\/comments?post=470"}],"version-history":[{"count":5,"href":"https:\/\/reppan.ee\/en\/wp-json\/wp\/v2\/pages\/470\/revisions"}],"predecessor-version":[{"id":1901,"href":"https:\/\/reppan.ee\/en\/wp-json\/wp\/v2\/pages\/470\/revisions\/1901"}],"wp:attachment":[{"href":"https:\/\/reppan.ee\/en\/wp-json\/wp\/v2\/media?parent=470"}],"curies":[{"name":"wp","href":"https:\/\/api.w.org\/{rel}","templated":true}]}}