{"id":447,"date":"2018-02-08T08:47:16","date_gmt":"2018-02-08T08:47:16","guid":{"rendered":"http:\/\/revolution.fuelthemes.net\/revolution-corporate-agency\/?page_id=192"},"modified":"2023-03-27T18:46:55","modified_gmt":"2023-03-27T15:46:55","slug":"kontakt","status":"publish","type":"page","link":"https:\/\/reppan.ee\/en\/kontakt\/","title":{"rendered":"Kontakt"},"content":{"rendered":"<div class=\"row wpb_row row-fluid\"><div class=\"wpb_column columns medium-8 thb-dark-column small-12\"><div class=\"vc_column-inner\"><div class=\"wpb_wrapper\"><div class=\"vc_empty_space\" id=\"thb-empty-space-69ebf2eb18aeb\"  style=\"height: 70px\" ><span class=\"vc_empty_space_inner\"><\/span><\/div>\n\t<div id=\"thb-slidetype-69ebf2eb18b1d\" class=\"thb-slidetype\" data-style=\"style1\">\n\t\t\n<h6><span class=\"thb-slidetype-entry\"><span class=\"lines\">V\u00d5TA MEIEGA \u00dcHENDUST<\/span><\/span><\/h6>\n\t\t\t\t<style>\n\t\t\t#thb-slidetype-69ebf2eb18b1d .thb-slidetype-entry {\n\t\t\t\tcolor: #878787;\n\t\t\t}\n\t\t<\/style>\n\t\t\t<\/div>\n\n\t<div class=\"vc_empty_space\" id=\"thb-empty-space-69ebf2eb18b54\"  style=\"height: 30px\" ><span class=\"vc_empty_space_inner\"><\/span><\/div>\n\t<div id=\"thb-slidetype-69ebf2eb18b6a\" class=\"thb-slidetype\" data-style=\"style1\">\n\t\t\n<h2><span class=\"thb-slidetype-entry\"><span class=\"lines\">Kirjuta v\u00f5i helista ja leiame koos<br \/>\nsinu projekti jaoks parima lahenduse<\/span><\/span><\/h2>\n\t\t\t\t<style>\n\t\t\t#thb-slidetype-69ebf2eb18b6a .thb-slidetype-entry {\n\t\t\t\tcolor: #000000;\n\t\t\t}\n\t\t<\/style>\n\t\t\t<\/div>\n\n\t<div class=\"vc_empty_space\" id=\"thb-empty-space-69ebf2eb18b89\"  style=\"height: 60px\" ><span class=\"vc_empty_space_inner\"><\/span><\/div>\n<\/div><\/div><\/div><div class=\"wpb_column columns medium-4 thb-dark-column small-12\"><div class=\"vc_column-inner\"><div class=\"wpb_wrapper\"><\/div><\/div><\/div><\/div><div class=\"row wpb_row row-fluid align-center footerElement full-width-row vc_custom_1678519941674 row-has-fill\"><div class=\"wpb_column columns medium-12 thb-dark-column small-12\"><div class=\"vc_column-inner\"><div class=\"wpb_wrapper\"><div class=\"row wpb_row vc_inner row-fluid max_width\"><div class=\"wpb_column columns medium-3\/5 thb-dark-column small-12\"><div class=\"vc_column-inner\"><div class=\"wpb_wrapper\">\n<div class=\"wpcf7 no-js\" id=\"wpcf7-f129-o1\" lang=\"en-US\" dir=\"ltr\" data-wpcf7-id=\"129\">\n<div class=\"screen-reader-response\"><p role=\"status\" aria-live=\"polite\" aria-atomic=\"true\"><\/p> <ul><\/ul><\/div>\n<form action=\"\/en\/wp-json\/wp\/v2\/pages\/447#wpcf7-f129-o1\" method=\"post\" class=\"wpcf7-form init\" aria-label=\"Contact form\" novalidate=\"novalidate\" data-status=\"init\" data-trp-original-action=\"\/en\/wp-json\/wp\/v2\/pages\/447#wpcf7-f129-o1\">\n<fieldset class=\"hidden-fields-container\"><input type=\"hidden\" name=\"_wpcf7\" value=\"129\" \/><input type=\"hidden\" name=\"_wpcf7_version\" value=\"6.1.5\" \/><input type=\"hidden\" name=\"_wpcf7_locale\" value=\"en_US\" \/><input type=\"hidden\" name=\"_wpcf7_unit_tag\" value=\"wpcf7-f129-o1\" \/><input type=\"hidden\" name=\"_wpcf7_container_post\" value=\"0\" \/><input type=\"hidden\" name=\"_wpcf7_posted_data_hash\" value=\"\" \/><input type=\"hidden\" name=\"_wpcf7_recaptcha_response\" value=\"\" \/>\n<\/fieldset>\n<div class=\"row\">\n\t<div class=\"small-12 large-6 columns\">\n\t\t<p><label><\/label><span class=\"wpcf7-form-control-wrap\" data-name=\"your-firstname\"><input size=\"40\" maxlength=\"400\" class=\"wpcf7-form-control wpcf7-text wpcf7-validates-as-required full\" aria-required=\"true\" aria-invalid=\"false\" placeholder=\"Sinu nimi\" value=\"\" type=\"text\" name=\"your-firstname\" \/><\/span>\n\t\t<\/p>\n\t<\/div>\n\t<div class=\"small-12 large-6 columns\">\n\t\t<p><label><\/label><span class=\"wpcf7-form-control-wrap\" data-name=\"your-email\"><input size=\"40\" maxlength=\"400\" class=\"wpcf7-form-control wpcf7-text wpcf7-validates-as-required full\" aria-required=\"true\" aria-invalid=\"false\" placeholder=\"Sinu e-post\" value=\"\" type=\"text\" name=\"your-email\" \/><\/span>\n\t\t<\/p>\n\t<\/div>\n\t<div class=\"small-12 columns\">\n\t\t<p><label><\/label><span class=\"wpcf7-form-control-wrap\" data-name=\"your-message\"><textarea cols=\"40\" rows=\"4\" maxlength=\"2000\" class=\"wpcf7-form-control wpcf7-textarea full\" aria-invalid=\"false\" placeholder=\"S\u00f5num\" name=\"your-message\"><\/textarea><\/span>\n\t\t<\/p>\n\t<\/div>\n\t<div class=\"small-12 columns\">\n\t\t<p><label>Lisa fail (max 50mb)<\/label><span class=\"wpcf7-form-control-wrap\" data-name=\"file\"><input size=\"40\" class=\"wpcf7-form-control wpcf7-drag-n-drop-file d-none\" aria-invalid=\"false\" type=\"file\" multiple=\"multiple\" data-name=\"file\" data-type=\"pdf|jpg|cad|png|svg|dwg\" data-limit=\"50000000\" data-id=\"129\" data-version=\"free version 1.3.9.7\" accept=\".pdf, .jpg, .cad, .png, .svg, .dwg\" \/><\/span>\n\t\t<\/p>\n\t<\/div>\n<\/div>\n<div class=\"row\">\n\t<div class=\"small-12 columns\">\n\t\t<p><input class=\"wpcf7-form-control wpcf7-submit has-spinner btn\" type=\"submit\" value=\"Saada s\u00f5num\" \/>\n\t\t<\/p>\n\t<\/div>\n<\/div><div class=\"wpcf7-response-output\" aria-hidden=\"true\"><\/div>\n<input type=\"hidden\" name=\"trp-form-language\" value=\"en\"\/><\/form>\n<\/div>\n<\/div><\/div><\/div><div class=\"wpb_column columns medium-2\/5 thb-dark-column small-12\"><div class=\"vc_column-inner\"><div class=\"wpb_wrapper\">\n\t<div class=\"wpb_text_column wpb_content_element   vc_custom_1679038689557\" >\n\t\t<div class=\"wpb_wrapper\">\n\t\t\t<h5><span style=\"color: #807e72;\">KAVVAL REPP\u00c4N O\u00dc<br \/>\n<\/span><\/h5>\n<p><a href=\"mailto:info@reppan.ee\"><span style=\"color: #807e72;\">info@reppan.ee<\/span><\/a><br \/>\n<a href=\"tel:+372 5332 6171\"><span style=\"color: #807e72;\">+372 5332 6171<\/span><\/a><\/p>\n\n\t\t<\/div>\n\t<\/div>\n\n\t<div class=\"wpb_raw_code wpb_raw_html wpb_content_element\" >\n\t\t<div class=\"wpb_wrapper\">\n\t\t\t<h5 style=\"color: #807E72;\">J\u00c4LGI MEID<\/h5>\n<a href=\"https:\/\/www.facebook.com\/REPPANdesign\/\" target=\"_blank\" rel=\"noopener\"><i class=\"fa fa-facebook\"><\/i><\/a>\n<a href=\"https:\/\/www.instagram.com\/reppandesign\/\" target=\"_blank\" rel=\"noopener\"><i class=\"fa fa-instagram\"><\/i><\/a>\n\t\t<\/div>\n\t<\/div>\n<\/div><\/div><\/div><\/div><\/div><\/div><\/div><\/div>","protected":false},"excerpt":{"rendered":"V\u00d5TA MEIEGA \u00dcHENDUST Kirjuta v\u00f5i helista ja leiame koos sinu projekti jaoks parima lahenduse Lisa fail (max 50mb) KAVVAL REPP\u00c4N O\u00dc info@reppan.ee +372 5332 6171 J\u00c4LGI MEID","protected":false},"author":1,"featured_media":0,"parent":0,"menu_order":0,"comment_status":"closed","ping_status":"closed","template":"","meta":{"footnotes":""},"class_list":["post-447","page","type-page","status-publish","hentry"],"_links":{"self":[{"href":"https:\/\/reppan.ee\/en\/wp-json\/wp\/v2\/pages\/447","targetHints":{"allow":["GET"]}}],"collection":[{"href":"https:\/\/reppan.ee\/en\/wp-json\/wp\/v2\/pages"}],"about":[{"href":"https:\/\/reppan.ee\/en\/wp-json\/wp\/v2\/types\/page"}],"author":[{"embeddable":true,"href":"https:\/\/reppan.ee\/en\/wp-json\/wp\/v2\/users\/1"}],"replies":[{"embeddable":true,"href":"https:\/\/reppan.ee\/en\/wp-json\/wp\/v2\/comments?post=447"}],"version-history":[{"count":5,"href":"https:\/\/reppan.ee\/en\/wp-json\/wp\/v2\/pages\/447\/revisions"}],"predecessor-version":[{"id":1354,"href":"https:\/\/reppan.ee\/en\/wp-json\/wp\/v2\/pages\/447\/revisions\/1354"}],"wp:attachment":[{"href":"https:\/\/reppan.ee\/en\/wp-json\/wp\/v2\/media?parent=447"}],"curies":[{"name":"wp","href":"https:\/\/api.w.org\/{rel}","templated":true}]}}