{"id":446,"date":"2018-02-08T08:47:01","date_gmt":"2018-02-08T08:47:01","guid":{"rendered":"http:\/\/revolution.fuelthemes.net\/revolution-corporate-agency\/?page_id=191"},"modified":"2025-04-22T14:49:01","modified_gmt":"2025-04-22T11:49:01","slug":"tellimisinfo","status":"publish","type":"page","link":"https:\/\/reppan.ee\/en\/tellimisinfo\/","title":{"rendered":"Tellimisinfo"},"content":{"rendered":"<div class=\"row wpb_row row-fluid align-justify row-o-content-middle row-flex\"><div class=\"wpb_column columns medium-6 thb-dark-column small-12\"><div class=\"vc_column-inner   vc_custom_1678518405011\"><div class=\"wpb_wrapper\">\t<div id=\"thb-slidetype-69ebf2ea0e508\" class=\"thb-slidetype\" data-style=\"style1\">\n\t\t\n<h6><span class=\"thb-slidetype-entry\"><span class=\"lines\">TELLIMINE REPPANIST<\/span><\/span><\/h6>\n\t\t\t\t<style>\n\t\t\t#thb-slidetype-69ebf2ea0e508 .thb-slidetype-entry {\n\t\t\t\tcolor: #878787;\n\t\t\t}\n\t\t<\/style>\n\t\t\t<\/div>\n\n\t<div class=\"vc_empty_space\" id=\"thb-empty-space-69ebf2ea0e554\"  style=\"height: 30px\" ><span class=\"vc_empty_space_inner\"><\/span><\/div>\n\t<div id=\"thb-slidetype-69ebf2ea0e571\" class=\"thb-slidetype\" data-style=\"style1\">\n\t\t\n<h2><span class=\"thb-slidetype-entry\"><span class=\"lines\">Lihtne koost\u00f6\u00f6,<br \/>\nl\u00e4bim\u00f5eldud tulemus<\/span><\/span><\/h2>\n\t\t\t\t<style>\n\t\t\t#thb-slidetype-69ebf2ea0e571 .thb-slidetype-entry {\n\t\t\t\tcolor: #000000;\n\t\t\t}\n\t\t<\/style>\n\t\t\t<\/div>\n\n\t<div class=\"vc_empty_space\" id=\"thb-empty-space-69ebf2ea0e594\"  style=\"height: 10px\" ><span class=\"vc_empty_space_inner\"><\/span><\/div>\n\n\t<div class=\"wpb_text_column wpb_content_element animation fade-in\" >\n\t\t<div class=\"wpb_wrapper\">\n\t\t\t<p>Valmistame eritellimusm\u00f6\u00f6blit, mis kestab ajas ja pakub rahulolu nii v\u00e4limuse kui ka kasutusmugavuse poolest. Meie eesm\u00e4rk on leida igale kliendile sobivaim lahendus ning viia see kvaliteetselt ellu, osaledes kogu protsessis \u2013 alates planeerimisest ja m\u00f5\u00f5tmisest kuni tootmise ja paigalduseni. Nii saame tagada, et iga detail on paigas ja l\u00f5pptulemus vastab ootustele. M\u00f6\u00f6bel valmib meie tootmises L\u00f5una-Eestis ning paigaldust pakume \u00fcle kogu Eesti.<\/p>\n\n\t\t<\/div>\n\t<\/div>\n<\/div><\/div><\/div><div class=\"wpb_column columns medium-6 thb-dark-column small-12\"><div class=\"vc_column-inner\"><div class=\"wpb_wrapper\">\t<div id=\"thb-image-69ebf2ea0e668\" class=\"caption-style1 animation fade-in aligncenter   thb_image_link wp-caption\">\n\t\t\t<div class=\"thb-image-inner size_100\">\n\t\t\t<img loading=\"lazy\" decoding=\"async\" width=\"2560\" height=\"1978\" src=\"https:\/\/reppan.ee\/wp-content\/uploads\/2025\/04\/telekasein_eritellimusmoobel_viljandi_02-scaled.jpg\" class=\"thb_image  small-shadow  attachment-full\" alt=\"\" title=\"telekasein_eritellimusmo\u0308o\u0308bel_viljandi_02\" srcset=\"https:\/\/reppan.ee\/wp-content\/uploads\/2025\/04\/telekasein_eritellimusmoobel_viljandi_02-scaled.jpg 2560w, https:\/\/reppan.ee\/wp-content\/uploads\/2025\/04\/telekasein_eritellimusmoobel_viljandi_02-300x232.jpg 300w, https:\/\/reppan.ee\/wp-content\/uploads\/2025\/04\/telekasein_eritellimusmoobel_viljandi_02-1024x791.jpg 1024w, https:\/\/reppan.ee\/wp-content\/uploads\/2025\/04\/telekasein_eritellimusmoobel_viljandi_02-768x594.jpg 768w, https:\/\/reppan.ee\/wp-content\/uploads\/2025\/04\/telekasein_eritellimusmoobel_viljandi_02-1536x1187.jpg 1536w, https:\/\/reppan.ee\/wp-content\/uploads\/2025\/04\/telekasein_eritellimusmoobel_viljandi_02-2048x1583.jpg 2048w, https:\/\/reppan.ee\/wp-content\/uploads\/2025\/04\/telekasein_eritellimusmoobel_viljandi_02-16x12.jpg 16w, https:\/\/reppan.ee\/wp-content\/uploads\/2025\/04\/telekasein_eritellimusmoobel_viljandi_02-380x294.jpg 380w, https:\/\/reppan.ee\/wp-content\/uploads\/2025\/04\/telekasein_eritellimusmoobel_viljandi_02-20x15.jpg 20w, https:\/\/reppan.ee\/wp-content\/uploads\/2025\/04\/telekasein_eritellimusmoobel_viljandi_02-190x147.jpg 190w, https:\/\/reppan.ee\/wp-content\/uploads\/2025\/04\/telekasein_eritellimusmoobel_viljandi_02-760x587.jpg 760w, https:\/\/reppan.ee\/wp-content\/uploads\/2025\/04\/telekasein_eritellimusmoobel_viljandi_02-1140x881.jpg 1140w\" sizes=\"auto, (max-width: 2560px) 100vw, 2560px\" \/>\t\t\t\t\t<\/div>\n\t\t\t\t\t<\/div>\n\t<\/div><\/div><\/div><\/div><div class=\"row wpb_row row-fluid no-row-padding full-width-row no-column-padding vc_custom_1678518454662 row-has-fill\"><div class=\"wpb_column columns medium-12 thb-dark-column small-12\"><div class=\"vc_column-inner\"><div class=\"wpb_wrapper\"><div class=\"row wpb_row vc_inner row-fluid max_width\"><div class=\"wpb_column columns medium-3 thb-dark-column small-12\"><div class=\"vc_column-inner\"><div class=\"wpb_wrapper\">\t<div id=\"thb-iconbox-69ebf2ea0eb3b\" class=\"thb-iconbox top type3  has-img  text-left animation-true\" href=\"\" target=\"_self\" data-animation_speed=\"1\">\n\t\t\t\t<figure>\n\t\t\t\t\t\t\t<div class=\"iconbox-image\">\n\t\t\t\t\t<img loading=\"lazy\" decoding=\"async\" width=\"61\" height=\"61\" src=\"https:\/\/reppan.ee\/wp-content\/uploads\/2023\/03\/ikoon-01_.svg\" class=\"thb_image  attachment-full\" alt=\"\" title=\"ikoon-01_\" srcset=\"https:\/\/reppan.ee\/wp-content\/uploads\/2023\/03\/ikoon-01_.svg 150w, https:\/\/reppan.ee\/wp-content\/uploads\/2023\/03\/ikoon-01_.svg 20w, https:\/\/reppan.ee\/wp-content\/uploads\/2023\/03\/ikoon-01_.svg 61w\" sizes=\"auto, (max-width: 61px) 100vw, 61px\" \/>\t\t\t\t\t\t\t\t\t<\/div>\n\t\t\t\t\t\t\t\t\t\t\t\t<\/figure>\n\t\t\t\t<div class=\"iconbox-content\">\n\t\t\t\t\t\t\t<h5>Konsultatsioon<\/h5>\t\t\t<p>V\u00f5tke meiega \u00fchendust telefoni v\u00f5i e-posti teel \u2013 juhendame teid kogu protsessi v\u00e4ltel. Alustuseks soovime teada projekti asukohta ning saada rohkem teavet teie visiooni ja ootuste kohta. Vajadusel lepime kokku kohtumise, et arutada detaile kohapeal.<\/p>\n\t\t\t\t\t<\/div>\n\t\t<style>\n\t\t\t\t\t\t\t\t\t#thb-iconbox-69ebf2ea0eb3b.thb-iconbox h5 {\n\t\t\t\tfont-size: 18px;\n\t\t\t}\n\t\t\t\t\t\t\t\t\t#thb-iconbox-69ebf2ea0eb3b.thb-iconbox p {\n\t\t\t\tfont-size: 14px;\n\t\t\t}\n\t\t\t\t\t\t\t\t\t\t\t\t\t#thb-iconbox-69ebf2ea0eb3b.thb-iconbox .iconbox-image img {\n\t\t\t\t\twidth: 70px;\n\t\t\t\t\theight: auto;\n\t\t\t\t}\n\t\t\t\t\t\t\t\t\t#thb-iconbox-69ebf2ea0eb3b.thb-iconbox .iconbox-content h5,\n\t\t\t#thb-iconbox-69ebf2ea0eb3b.thb-iconbox figure h5 {\n\t\t\t\tcolor: #ffffff;\n\t\t\t}\n\t\t\t\t\t\t\t\t\t#thb-iconbox-69ebf2ea0eb3b.thb-iconbox .iconbox-content p,\n\t\t\t#thb-iconbox-69ebf2ea0eb3b.thb-iconbox .iconbox-content span {\n\t\t\t\tcolor: #eae6e1;\n\t\t\t}\n\n\t\t\t#thb-iconbox-69ebf2ea0eb3b.thb-iconbox .iconbox-content svg,\n\t\t\t#thb-iconbox-69ebf2ea0eb3b.thb-iconbox .iconbox-content svg .bar {\n\t\t\t\tfill: #eae6e1;\n\t\t\t}\n\t\t\t#thb-iconbox-69ebf2ea0eb3b.thb-iconbox .btn-text.style2:before,\n\t\t\t#thb-iconbox-69ebf2ea0eb3b.thb-iconbox .btn-text.style2:after {\n\t\t\t\tbackground: #eae6e1;\n\t\t\t}\n\t\t\t\t\t\t\/* Hover *\/\n\t\t\t\t\t\t\t\t\t\t\t<\/style>\n\t<\/div>\n\t<div class=\"vc_empty_space\" id=\"thb-empty-space-69ebf2ea0ed4f\"  style=\"height: 30px\" ><span class=\"vc_empty_space_inner\"><\/span><\/div>\n<\/div><\/div><\/div><div class=\"wpb_column columns medium-3 thb-dark-column small-12\"><div class=\"vc_column-inner\"><div class=\"wpb_wrapper\">\t<div id=\"thb-iconbox-69ebf2ea0eddb\" class=\"thb-iconbox top type3  has-img  text-left animation-true\" href=\"\" target=\"_self\" data-animation_speed=\"1\">\n\t\t\t\t<figure>\n\t\t\t\t\t\t\t<div class=\"iconbox-image\">\n\t\t\t\t\t<img loading=\"lazy\" decoding=\"async\" width=\"61\" height=\"61\" src=\"https:\/\/reppan.ee\/wp-content\/uploads\/2023\/03\/ikoon-01_.svg\" class=\"thb_image  attachment-full\" alt=\"\" title=\"ikoon-01_\" srcset=\"https:\/\/reppan.ee\/wp-content\/uploads\/2023\/03\/ikoon-01_.svg 150w, https:\/\/reppan.ee\/wp-content\/uploads\/2023\/03\/ikoon-01_.svg 20w, https:\/\/reppan.ee\/wp-content\/uploads\/2023\/03\/ikoon-01_.svg 61w\" sizes=\"auto, (max-width: 61px) 100vw, 61px\" \/>\t\t\t\t\t\t\t\t\t<\/div>\n\t\t\t\t\t\t\t\t\t\t\t\t<\/figure>\n\t\t\t\t<div class=\"iconbox-content\">\n\t\t\t\t\t\t\t<h5>Hinnapakkumine<\/h5>\t\t\t<p>Kui projekti kohta on piisavalt infot, saame koostada hinnapakkumise. Hinnapakkumise kinnitamisel saame liikuda j\u00e4rgmisesse etappi.<\/p>\n\t\t\t\t\t<\/div>\n\t\t<style>\n\t\t\t\t\t\t\t\t\t#thb-iconbox-69ebf2ea0eddb.thb-iconbox h5 {\n\t\t\t\tfont-size: 18px;\n\t\t\t}\n\t\t\t\t\t\t\t\t\t#thb-iconbox-69ebf2ea0eddb.thb-iconbox p {\n\t\t\t\tfont-size: 14px;\n\t\t\t}\n\t\t\t\t\t\t\t\t\t\t\t\t\t#thb-iconbox-69ebf2ea0eddb.thb-iconbox .iconbox-image img {\n\t\t\t\t\twidth: 70px;\n\t\t\t\t\theight: auto;\n\t\t\t\t}\n\t\t\t\t\t\t\t\t\t#thb-iconbox-69ebf2ea0eddb.thb-iconbox .iconbox-content h5,\n\t\t\t#thb-iconbox-69ebf2ea0eddb.thb-iconbox figure h5 {\n\t\t\t\tcolor: #ffffff;\n\t\t\t}\n\t\t\t\t\t\t\t\t\t#thb-iconbox-69ebf2ea0eddb.thb-iconbox .iconbox-content p,\n\t\t\t#thb-iconbox-69ebf2ea0eddb.thb-iconbox .iconbox-content span {\n\t\t\t\tcolor: #eae6e1;\n\t\t\t}\n\n\t\t\t#thb-iconbox-69ebf2ea0eddb.thb-iconbox .iconbox-content svg,\n\t\t\t#thb-iconbox-69ebf2ea0eddb.thb-iconbox .iconbox-content svg .bar {\n\t\t\t\tfill: #eae6e1;\n\t\t\t}\n\t\t\t#thb-iconbox-69ebf2ea0eddb.thb-iconbox .btn-text.style2:before,\n\t\t\t#thb-iconbox-69ebf2ea0eddb.thb-iconbox .btn-text.style2:after {\n\t\t\t\tbackground: #eae6e1;\n\t\t\t}\n\t\t\t\t\t\t\/* Hover *\/\n\t\t\t\t\t\t\t\t\t\t\t<\/style>\n\t<\/div>\n\t<div class=\"vc_empty_space\" id=\"thb-empty-space-69ebf2ea0ef09\"  style=\"height: 30px\" ><span class=\"vc_empty_space_inner\"><\/span><\/div>\n<\/div><\/div><\/div><div class=\"wpb_column columns medium-3 thb-dark-column small-12\"><div class=\"vc_column-inner\"><div class=\"wpb_wrapper\">\t<div id=\"thb-iconbox-69ebf2ea0ef8c\" class=\"thb-iconbox top type3  has-img  text-left animation-true\" href=\"\" target=\"_self\" data-animation_speed=\"1\">\n\t\t\t\t<figure>\n\t\t\t\t\t\t\t<div class=\"iconbox-image\">\n\t\t\t\t\t<img loading=\"lazy\" decoding=\"async\" width=\"61\" height=\"61\" src=\"https:\/\/reppan.ee\/wp-content\/uploads\/2023\/03\/ikoon-01_.svg\" class=\"thb_image  attachment-full\" alt=\"\" title=\"ikoon-01_\" srcset=\"https:\/\/reppan.ee\/wp-content\/uploads\/2023\/03\/ikoon-01_.svg 150w, https:\/\/reppan.ee\/wp-content\/uploads\/2023\/03\/ikoon-01_.svg 20w, https:\/\/reppan.ee\/wp-content\/uploads\/2023\/03\/ikoon-01_.svg 61w\" sizes=\"auto, (max-width: 61px) 100vw, 61px\" \/>\t\t\t\t\t\t\t\t\t<\/div>\n\t\t\t\t\t\t\t\t\t\t\t\t<\/figure>\n\t\t\t\t<div class=\"iconbox-content\">\n\t\t\t\t\t\t\t<h5>M\u00f5\u00f5tmine<\/h5>\t\t\t<p>Parima tulemuse tagamiseks tuleme ise kohale ja v\u00f5tame t\u00e4psed m\u00f5\u00f5dud. Nende p\u00f5hjal koostame joonised, mis on aluseks m\u00f6\u00f6bli valmistamisel.<\/p>\n\t\t\t\t\t<\/div>\n\t\t<style>\n\t\t\t\t\t\t\t\t\t#thb-iconbox-69ebf2ea0ef8c.thb-iconbox h5 {\n\t\t\t\tfont-size: 18px;\n\t\t\t}\n\t\t\t\t\t\t\t\t\t#thb-iconbox-69ebf2ea0ef8c.thb-iconbox p {\n\t\t\t\tfont-size: 14px;\n\t\t\t}\n\t\t\t\t\t\t\t\t\t\t\t\t\t#thb-iconbox-69ebf2ea0ef8c.thb-iconbox .iconbox-image img {\n\t\t\t\t\twidth: 70px;\n\t\t\t\t\theight: auto;\n\t\t\t\t}\n\t\t\t\t\t\t\t\t\t#thb-iconbox-69ebf2ea0ef8c.thb-iconbox .iconbox-content h5,\n\t\t\t#thb-iconbox-69ebf2ea0ef8c.thb-iconbox figure h5 {\n\t\t\t\tcolor: #ffffff;\n\t\t\t}\n\t\t\t\t\t\t\t\t\t#thb-iconbox-69ebf2ea0ef8c.thb-iconbox .iconbox-content p,\n\t\t\t#thb-iconbox-69ebf2ea0ef8c.thb-iconbox .iconbox-content span {\n\t\t\t\tcolor: #eae6e1;\n\t\t\t}\n\n\t\t\t#thb-iconbox-69ebf2ea0ef8c.thb-iconbox .iconbox-content svg,\n\t\t\t#thb-iconbox-69ebf2ea0ef8c.thb-iconbox .iconbox-content svg .bar {\n\t\t\t\tfill: #eae6e1;\n\t\t\t}\n\t\t\t#thb-iconbox-69ebf2ea0ef8c.thb-iconbox .btn-text.style2:before,\n\t\t\t#thb-iconbox-69ebf2ea0ef8c.thb-iconbox .btn-text.style2:after {\n\t\t\t\tbackground: #eae6e1;\n\t\t\t}\n\t\t\t\t\t\t\/* Hover *\/\n\t\t\t\t\t\t\t\t\t\t\t<\/style>\n\t<\/div>\n\t<div class=\"vc_empty_space\" id=\"thb-empty-space-69ebf2ea0f0b2\"  style=\"height: 30px\" ><span class=\"vc_empty_space_inner\"><\/span><\/div>\n<\/div><\/div><\/div><div class=\"wpb_column columns medium-3 thb-dark-column small-12\"><div class=\"vc_column-inner\"><div class=\"wpb_wrapper\">\t<div id=\"thb-iconbox-69ebf2ea0f12b\" class=\"thb-iconbox top type3  has-img  text-left animation-true\" href=\"\" target=\"_self\" data-animation_speed=\"1\">\n\t\t\t\t<figure>\n\t\t\t\t\t\t\t<div class=\"iconbox-image\">\n\t\t\t\t\t<img loading=\"lazy\" decoding=\"async\" width=\"61\" height=\"61\" src=\"https:\/\/reppan.ee\/wp-content\/uploads\/2023\/03\/ikoon-01.svg\" class=\"thb_image  attachment-full\" alt=\"\" title=\"ikoon-01\" srcset=\"https:\/\/reppan.ee\/wp-content\/uploads\/2023\/03\/ikoon-01.svg 150w, https:\/\/reppan.ee\/wp-content\/uploads\/2023\/03\/ikoon-01.svg 20w, https:\/\/reppan.ee\/wp-content\/uploads\/2023\/03\/ikoon-01.svg 61w\" sizes=\"auto, (max-width: 61px) 100vw, 61px\" \/>\t\t\t\t\t\t\t\t\t<\/div>\n\t\t\t\t\t\t\t\t\t\t\t\t<\/figure>\n\t\t\t\t<div class=\"iconbox-content\">\n\t\t\t\t\t\t\t<h5>Tootmine ja paigaldus<\/h5>\t\t\t<p>Jooniste kinnitamisel alustame tootmist ning m\u00f6\u00f6bli valmimisel lepime kokku paigalduse aja.<\/p>\n\t\t\t\t\t<\/div>\n\t\t<style>\n\t\t\t\t\t\t\t\t\t#thb-iconbox-69ebf2ea0f12b.thb-iconbox h5 {\n\t\t\t\tfont-size: 18px;\n\t\t\t}\n\t\t\t\t\t\t\t\t\t#thb-iconbox-69ebf2ea0f12b.thb-iconbox p {\n\t\t\t\tfont-size: 14px;\n\t\t\t}\n\t\t\t\t\t\t\t\t\t\t\t\t\t#thb-iconbox-69ebf2ea0f12b.thb-iconbox .iconbox-image img {\n\t\t\t\t\twidth: 70px;\n\t\t\t\t\theight: auto;\n\t\t\t\t}\n\t\t\t\t\t\t\t\t\t#thb-iconbox-69ebf2ea0f12b.thb-iconbox .iconbox-content h5,\n\t\t\t#thb-iconbox-69ebf2ea0f12b.thb-iconbox figure h5 {\n\t\t\t\tcolor: #ffffff;\n\t\t\t}\n\t\t\t\t\t\t\t\t\t#thb-iconbox-69ebf2ea0f12b.thb-iconbox .iconbox-content p,\n\t\t\t#thb-iconbox-69ebf2ea0f12b.thb-iconbox .iconbox-content span {\n\t\t\t\tcolor: #eae6e1;\n\t\t\t}\n\n\t\t\t#thb-iconbox-69ebf2ea0f12b.thb-iconbox .iconbox-content svg,\n\t\t\t#thb-iconbox-69ebf2ea0f12b.thb-iconbox .iconbox-content svg .bar {\n\t\t\t\tfill: #eae6e1;\n\t\t\t}\n\t\t\t#thb-iconbox-69ebf2ea0f12b.thb-iconbox .btn-text.style2:before,\n\t\t\t#thb-iconbox-69ebf2ea0f12b.thb-iconbox .btn-text.style2:after {\n\t\t\t\tbackground: #eae6e1;\n\t\t\t}\n\t\t\t\t\t\t\/* Hover *\/\n\t\t\t\t\t\t\t\t\t\t\t<\/style>\n\t<\/div>\n\t<div class=\"vc_empty_space\" id=\"thb-empty-space-69ebf2ea0f305\"  style=\"height: 30px\" ><span class=\"vc_empty_space_inner\"><\/span><\/div>\n<\/div><\/div><\/div><\/div><\/div><\/div><\/div><\/div><div class=\"row wpb_row row-fluid align-center footerElement full-width-row vc_custom_1678519898110 row-has-fill\"><div class=\"wpb_column columns medium-12 thb-dark-column small-12\"><div class=\"vc_column-inner\"><div class=\"wpb_wrapper\"><div class=\"row wpb_row vc_inner row-fluid max_width\"><div class=\"wpb_column columns medium-2\/5 thb-dark-column small-12\"><div class=\"vc_column-inner\"><div class=\"wpb_wrapper\">\n\t<div class=\"wpb_text_column wpb_content_element   vc_custom_1679935535233\" >\n\t\t<div class=\"wpb_wrapper\">\n\t\t\t<h2><span style=\"color: #807e72;\">Kirjuta vo\u0303i helista ja leiame koos sinu projekti jaoks parima lahenduse<\/span><\/h2>\n\n\t\t<\/div>\n\t<\/div>\n\n\t<div class=\"wpb_text_column wpb_content_element   vc_custom_1678520095281\" >\n\t\t<div class=\"wpb_wrapper\">\n\t\t\t<h5><span style=\"color: #807e72;\">KONTAKT<\/span><\/h5>\n<p><a href=\"mailto:info@reppan.ee\"><span style=\"color: #807e72;\">info@reppan.ee<\/span><\/a><br \/>\n<a href=\"tel:+372 5332 6171\"><span style=\"color: #807e72;\">+372 5332 6171<\/span><\/a><\/p>\n\n\t\t<\/div>\n\t<\/div>\n\n\t<div class=\"wpb_raw_code wpb_raw_html wpb_content_element\" >\n\t\t<div class=\"wpb_wrapper\">\n\t\t\t<h5 style=\"color: #807E72;\">J\u00c4LGI MEID<\/h5>\n<a href=\"https:\/\/www.facebook.com\/REPPANdesign\/\" target=\"_blank\" rel=\"noopener\"><i class=\"fa fa-facebook\"><\/i><\/a>\n<a href=\"https:\/\/www.instagram.com\/reppandesign\/\" target=\"_blank\" rel=\"noopener\"><i class=\"fa fa-instagram\"><\/i><\/a>\n\t\t<\/div>\n\t<\/div>\n<\/div><\/div><\/div><div class=\"wpb_column columns medium-3\/5 thb-dark-column small-12\"><div class=\"vc_column-inner\"><div class=\"wpb_wrapper\">\n<div class=\"wpcf7 no-js\" id=\"wpcf7-f129-o1\" lang=\"en-US\" dir=\"ltr\" data-wpcf7-id=\"129\">\n<div class=\"screen-reader-response\"><p role=\"status\" aria-live=\"polite\" aria-atomic=\"true\"><\/p> <ul><\/ul><\/div>\n<form action=\"\/en\/wp-json\/wp\/v2\/pages\/446#wpcf7-f129-o1\" method=\"post\" class=\"wpcf7-form init\" aria-label=\"Contact form\" novalidate=\"novalidate\" data-status=\"init\" data-trp-original-action=\"\/en\/wp-json\/wp\/v2\/pages\/446#wpcf7-f129-o1\">\n<fieldset class=\"hidden-fields-container\"><input type=\"hidden\" name=\"_wpcf7\" value=\"129\" \/><input type=\"hidden\" name=\"_wpcf7_version\" value=\"6.1.5\" \/><input type=\"hidden\" name=\"_wpcf7_locale\" value=\"en_US\" \/><input type=\"hidden\" name=\"_wpcf7_unit_tag\" value=\"wpcf7-f129-o1\" \/><input type=\"hidden\" name=\"_wpcf7_container_post\" value=\"0\" \/><input type=\"hidden\" name=\"_wpcf7_posted_data_hash\" value=\"\" \/><input type=\"hidden\" name=\"_wpcf7_recaptcha_response\" value=\"\" \/>\n<\/fieldset>\n<div class=\"row\">\n\t<div class=\"small-12 large-6 columns\">\n\t\t<p><label><\/label><span class=\"wpcf7-form-control-wrap\" data-name=\"your-firstname\"><input size=\"40\" maxlength=\"400\" class=\"wpcf7-form-control wpcf7-text wpcf7-validates-as-required full\" aria-required=\"true\" aria-invalid=\"false\" placeholder=\"Sinu nimi\" value=\"\" type=\"text\" name=\"your-firstname\" \/><\/span>\n\t\t<\/p>\n\t<\/div>\n\t<div class=\"small-12 large-6 columns\">\n\t\t<p><label><\/label><span class=\"wpcf7-form-control-wrap\" data-name=\"your-email\"><input size=\"40\" maxlength=\"400\" class=\"wpcf7-form-control wpcf7-text wpcf7-validates-as-required full\" aria-required=\"true\" aria-invalid=\"false\" placeholder=\"Sinu e-post\" value=\"\" type=\"text\" name=\"your-email\" \/><\/span>\n\t\t<\/p>\n\t<\/div>\n\t<div class=\"small-12 columns\">\n\t\t<p><label><\/label><span class=\"wpcf7-form-control-wrap\" data-name=\"your-message\"><textarea cols=\"40\" rows=\"4\" maxlength=\"2000\" class=\"wpcf7-form-control wpcf7-textarea full\" aria-invalid=\"false\" placeholder=\"S\u00f5num\" name=\"your-message\"><\/textarea><\/span>\n\t\t<\/p>\n\t<\/div>\n\t<div class=\"small-12 columns\">\n\t\t<p><label>Lisa fail (max 50mb)<\/label><span class=\"wpcf7-form-control-wrap\" data-name=\"file\"><input size=\"40\" class=\"wpcf7-form-control wpcf7-drag-n-drop-file d-none\" aria-invalid=\"false\" type=\"file\" multiple=\"multiple\" data-name=\"file\" data-type=\"pdf|jpg|cad|png|svg|dwg\" data-limit=\"50000000\" data-id=\"129\" data-version=\"free version 1.3.9.7\" accept=\".pdf, .jpg, .cad, .png, .svg, .dwg\" \/><\/span>\n\t\t<\/p>\n\t<\/div>\n<\/div>\n<div class=\"row\">\n\t<div class=\"small-12 columns\">\n\t\t<p><input class=\"wpcf7-form-control wpcf7-submit has-spinner btn\" type=\"submit\" value=\"Saada s\u00f5num\" \/>\n\t\t<\/p>\n\t<\/div>\n<\/div><div class=\"wpcf7-response-output\" aria-hidden=\"true\"><\/div>\n<input type=\"hidden\" name=\"trp-form-language\" value=\"en\"\/><\/form>\n<\/div>\n<\/div><\/div><\/div><\/div><\/div><\/div><\/div><\/div>","protected":false},"excerpt":{"rendered":"TELLIMINE REPPANIST Lihtne koost\u00f6\u00f6, l\u00e4bim\u00f5eldud tulemus Valmistame eritellimusm\u00f6\u00f6blit, mis kestab ajas ja pakub rahulolu nii v\u00e4limuse kui ka kasutusmugavuse poolest. Meie eesm\u00e4rk on leida igale kliendile sobivaim lahendus ning viia see kvaliteetselt ellu, osaledes kogu protsessis \u2013 alates planeerimisest ja m\u00f5\u00f5tmisest kuni tootmise ja paigalduseni. Nii saame tagada, et iga detail on paigas ja l\u00f5pptulemus&hellip;","protected":false},"author":1,"featured_media":0,"parent":0,"menu_order":0,"comment_status":"closed","ping_status":"closed","template":"","meta":{"footnotes":""},"class_list":["post-446","page","type-page","status-publish","hentry"],"_links":{"self":[{"href":"https:\/\/reppan.ee\/en\/wp-json\/wp\/v2\/pages\/446","targetHints":{"allow":["GET"]}}],"collection":[{"href":"https:\/\/reppan.ee\/en\/wp-json\/wp\/v2\/pages"}],"about":[{"href":"https:\/\/reppan.ee\/en\/wp-json\/wp\/v2\/types\/page"}],"author":[{"embeddable":true,"href":"https:\/\/reppan.ee\/en\/wp-json\/wp\/v2\/users\/1"}],"replies":[{"embeddable":true,"href":"https:\/\/reppan.ee\/en\/wp-json\/wp\/v2\/comments?post=446"}],"version-history":[{"count":5,"href":"https:\/\/reppan.ee\/en\/wp-json\/wp\/v2\/pages\/446\/revisions"}],"predecessor-version":[{"id":1900,"href":"https:\/\/reppan.ee\/en\/wp-json\/wp\/v2\/pages\/446\/revisions\/1900"}],"wp:attachment":[{"href":"https:\/\/reppan.ee\/en\/wp-json\/wp\/v2\/media?parent=446"}],"curies":[{"name":"wp","href":"https:\/\/api.w.org\/{rel}","templated":true}]}}